{"id":985,"date":"2020-04-26T17:59:05","date_gmt":"2020-04-26T15:59:05","guid":{"rendered":"https:\/\/www.sociedadplateros.com\/tienda\/?post_type=product&#038;p=985"},"modified":"2025-12-01T12:00:40","modified_gmt":"2025-12-01T11:00:40","slug":"cream-alianza-dulce-de-oro-viejo","status":"publish","type":"product","link":"https:\/\/www.sociedadplateros.com\/tienda\/producto\/cream-alianza-dulce-de-oro-viejo\/","title":{"rendered":"Vino Cream \u00abAlianza Dulce de Oro Viejo\u00bb 75 CL."},"content":{"rendered":"<p>Alcohol 15,5 % vol. Edad 6 A\u00f1os. Crianza oxidativa. Fase visual de tonos caobas oscuros y reflejos rojizos. Se presenta l\u00edmpido y muy brillante, y lento desplazamiento por copa. En fase olfativa se aprecia una magnifica combinaci\u00f3n entre un oloroso viejo, con aromas a madera, frutos secos como nueces, y el aroma a pasas de un PX que en peque\u00f1o porcentaje forma parte del blend. En boca, de entrada melosa, dulce pero sin empalagar. Equilibrio perfecto de<\/p>\n<!-- AddThis Advanced Settings generic via filter on the_content --><!-- AddThis Share Buttons generic via filter on the_content -->","protected":false},"excerpt":{"rendered":"<p>Alcohol 15,5 % vol. Edad 6 A\u00f1os. Crianza oxidativa. Fase visual de tonos caobas oscuros y reflejos rojizos. Se presenta l\u00edmpido y muy brillante, y lento desplazamiento por copa. En fase olfativa se aprecia una magnifica combinaci\u00f3n entre un oloroso viejo, con aromas a madera, frutos secos como nueces, y el aroma a pasas de [&hellip;]<!-- AddThis Advanced Settings generic via filter on wp_trim_excerpt --><!-- AddThis Share Buttons generic via filter on wp_trim_excerpt --><\/p>\n","protected":false},"featured_media":3528,"comment_status":"open","ping_status":"closed","template":"","meta":{"_et_pb_use_builder":"","_et_pb_old_content":"","_et_gb_content_width":""},"product_brand":[],"product_cat":[47,50,73],"product_tag":[62,68,55,67,59,65,66,56,58,57,64,63,60,70,71,54,61,69],"class_list":{"0":"post-985","1":"product","2":"type-product","3":"status-publish","4":"has-post-thumbnail","6":"product_cat-oloroso","7":"product_cat-vino-dulce","8":"product_cat-vinos","9":"product_tag-amontillado","10":"product_tag-bodega-sociedad-plateros","11":"product_tag-bodegas","12":"product_tag-bodegas-montilla-moriles","13":"product_tag-catavinos","14":"product_tag-fino-peseta","15":"product_tag-fino-platino","16":"product_tag-montilla","17":"product_tag-montilla-moriles","18":"product_tag-moriles","19":"product_tag-oloroso","20":"product_tag-palo-cortado","21":"product_tag-venencias","22":"product_tag-venta-de-vinos","23":"product_tag-venta-vinos-on-line","24":"product_tag-vinos","25":"product_tag-vinos-dulces","26":"product_tag-vinos-on-line","28":"first","29":"instock","30":"shipping-taxable","31":"purchasable","32":"product-type-simple"},"_links":{"self":[{"href":"https:\/\/www.sociedadplateros.com\/tienda\/wp-json\/wp\/v2\/product\/985","targetHints":{"allow":["GET"]}}],"collection":[{"href":"https:\/\/www.sociedadplateros.com\/tienda\/wp-json\/wp\/v2\/product"}],"about":[{"href":"https:\/\/www.sociedadplateros.com\/tienda\/wp-json\/wp\/v2\/types\/product"}],"replies":[{"embeddable":true,"href":"https:\/\/www.sociedadplateros.com\/tienda\/wp-json\/wp\/v2\/comments?post=985"}],"wp:featuredmedia":[{"embeddable":true,"href":"https:\/\/www.sociedadplateros.com\/tienda\/wp-json\/wp\/v2\/media\/3528"}],"wp:attachment":[{"href":"https:\/\/www.sociedadplateros.com\/tienda\/wp-json\/wp\/v2\/media?parent=985"}],"wp:term":[{"taxonomy":"product_brand","embeddable":true,"href":"https:\/\/www.sociedadplateros.com\/tienda\/wp-json\/wp\/v2\/product_brand?post=985"},{"taxonomy":"product_cat","embeddable":true,"href":"https:\/\/www.sociedadplateros.com\/tienda\/wp-json\/wp\/v2\/product_cat?post=985"},{"taxonomy":"product_tag","embeddable":true,"href":"https:\/\/www.sociedadplateros.com\/tienda\/wp-json\/wp\/v2\/product_tag?post=985"}],"curies":[{"name":"wp","href":"https:\/\/api.w.org\/{rel}","templated":true}]}}