{"id":3000,"date":"2021-10-27T21:36:34","date_gmt":"2021-10-27T19:36:34","guid":{"rendered":"https:\/\/www.sociedadplateros.com\/tienda\/?post_type=product&#038;p=3000"},"modified":"2023-01-16T21:13:11","modified_gmt":"2023-01-16T20:13:11","slug":"vinagre-toro-albala-500-ml-valsamico-al-pedro-ximenez-gran-reserva","status":"publish","type":"product","link":"https:\/\/www.sociedadplateros.com\/tienda\/producto\/vinagre-toro-albala-500-ml-valsamico-al-pedro-ximenez-gran-reserva\/","title":{"rendered":"Vinagre Toro Albal\u00e1 500 ml Bals\u00e1mico Al Pedro Ximenez Gran Reserva"},"content":{"rendered":"<p>Vinagre Toro Albal\u00e1 500 ml Valsamico Al Pedro Ximenez Gran Reserva<\/p>\n<!-- AddThis Advanced Settings generic via filter on the_content --><!-- AddThis Share Buttons generic via filter on the_content -->","protected":false},"excerpt":{"rendered":"<p>Vinagre Toro Albal\u00e1 500 ml Valsamico Al Pedro Ximenez Gran Reserva<!-- AddThis Advanced Settings generic via filter on wp_trim_excerpt --><!-- AddThis Share Buttons generic via filter on wp_trim_excerpt --><\/p>\n","protected":false},"featured_media":3002,"comment_status":"open","ping_status":"closed","template":"","meta":{"_et_pb_use_builder":"","_et_pb_old_content":"","_et_gb_content_width":""},"product_brand":[],"product_cat":[75],"product_tag":[],"class_list":{"0":"post-3000","1":"product","2":"type-product","3":"status-publish","4":"has-post-thumbnail","6":"product_cat-vino-tinto","8":"first","9":"outofstock","10":"taxable","11":"shipping-taxable","12":"purchasable","13":"product-type-simple"},"_links":{"self":[{"href":"https:\/\/www.sociedadplateros.com\/tienda\/wp-json\/wp\/v2\/product\/3000","targetHints":{"allow":["GET"]}}],"collection":[{"href":"https:\/\/www.sociedadplateros.com\/tienda\/wp-json\/wp\/v2\/product"}],"about":[{"href":"https:\/\/www.sociedadplateros.com\/tienda\/wp-json\/wp\/v2\/types\/product"}],"replies":[{"embeddable":true,"href":"https:\/\/www.sociedadplateros.com\/tienda\/wp-json\/wp\/v2\/comments?post=3000"}],"wp:featuredmedia":[{"embeddable":true,"href":"https:\/\/www.sociedadplateros.com\/tienda\/wp-json\/wp\/v2\/media\/3002"}],"wp:attachment":[{"href":"https:\/\/www.sociedadplateros.com\/tienda\/wp-json\/wp\/v2\/media?parent=3000"}],"wp:term":[{"taxonomy":"product_brand","embeddable":true,"href":"https:\/\/www.sociedadplateros.com\/tienda\/wp-json\/wp\/v2\/product_brand?post=3000"},{"taxonomy":"product_cat","embeddable":true,"href":"https:\/\/www.sociedadplateros.com\/tienda\/wp-json\/wp\/v2\/product_cat?post=3000"},{"taxonomy":"product_tag","embeddable":true,"href":"https:\/\/www.sociedadplateros.com\/tienda\/wp-json\/wp\/v2\/product_tag?post=3000"}],"curies":[{"name":"wp","href":"https:\/\/api.w.org\/{rel}","templated":true}]}}