{"id":2591,"date":"2021-01-28T21:27:42","date_gmt":"2021-01-28T20:27:42","guid":{"rendered":"https:\/\/www.sociedadplateros.com\/tienda\/?post_type=product&#038;p=2591"},"modified":"2023-11-29T12:47:28","modified_gmt":"2023-11-29T11:47:28","slug":"aceite-de-oliva-virgen-extra-los-omeya-50cl-nueva-cosecha","status":"publish","type":"product","link":"https:\/\/www.sociedadplateros.com\/tienda\/producto\/aceite-de-oliva-virgen-extra-los-omeya-50cl-nueva-cosecha\/","title":{"rendered":"Aceite de Oliva Virgen Extra Los Omeya 50cl Nueva Cosecha"},"content":{"rendered":"<p><strong>Elaboraci\u00f3n<\/strong><\/p>\n<p>El Aceite de Oliva Virgen Extra Los Omeya est\u00e1 elaborado con aceituna procedente de vuelo, recolectada a comienzos de la campa\u00f1a. La selecci\u00f3n de la mejor aceituna de las variedades Hojiblanca y Picual y la extracci\u00f3n inmediata a su recogida por procedimientos mec\u00e1nicos garantizan un producto de una calidad \u00a0superior: aceite al m\u00e1ximo nivel de frescura y fragancia.<\/p>\n<p><strong>Notas de Cata<\/strong><\/p>\n<p>De color verde intenso y reflejos dorados, con un aroma intenso a hierba reci\u00e9n cortada y a fruta madura. En boca resulta fresco, almendrado y ligeramente amargo. Una experiencia \u00fanica que ning\u00fan amante del aceite de oliva deber\u00eda perderse. Fresco los Omeya ha sido envasado sin filtrar para conservar todos sus aromas y sabores naturales primarios. Si en el fondo del envase se apreciase una capa delgada de color oscuro es como consecuencia de un proceso natural de decantaci\u00f3n de peque\u00f1as part\u00edculas de aceituna contenidas en el aceite.<\/p>\n<p>Por sus caracter\u00edsticas, este aceite tan s\u00f3lo est\u00e1 disponible en campa\u00f1a.<\/p>\n<!-- AddThis Advanced Settings generic via filter on the_content --><!-- AddThis Share Buttons generic via filter on the_content -->","protected":false},"excerpt":{"rendered":"<p>El Aceite de Oliva Virgen Extra Fresco Los Omeya est\u00e1 elaborado con aceituna procedente de vuelo, recolectada a comienzos de la campa\u00f1a. La selecci\u00f3n de la mejor aceituna de las variedades Hojiblanca y Picual y la extracci\u00f3n inmediata a su recogida por procedimientos mec\u00e1nicos garantizan un producto de una calidad \u00a0superior: aceite al m\u00e1ximo nivel de frescura y fragancia.<!-- AddThis Advanced Settings generic via filter on wp_trim_excerpt --><!-- AddThis Share Buttons generic via filter on wp_trim_excerpt --><\/p>\n","protected":false},"featured_media":3575,"comment_status":"open","ping_status":"closed","template":"","meta":{"_et_pb_use_builder":"","_et_pb_old_content":"","_et_gb_content_width":""},"product_brand":[],"product_cat":[81],"product_tag":[],"class_list":{"0":"post-2591","1":"product","2":"type-product","3":"status-publish","4":"has-post-thumbnail","6":"product_cat-aceites-y-vinagre","8":"first","9":"outofstock","10":"taxable","11":"shipping-taxable","12":"purchasable","13":"product-type-simple"},"_links":{"self":[{"href":"https:\/\/www.sociedadplateros.com\/tienda\/wp-json\/wp\/v2\/product\/2591","targetHints":{"allow":["GET"]}}],"collection":[{"href":"https:\/\/www.sociedadplateros.com\/tienda\/wp-json\/wp\/v2\/product"}],"about":[{"href":"https:\/\/www.sociedadplateros.com\/tienda\/wp-json\/wp\/v2\/types\/product"}],"replies":[{"embeddable":true,"href":"https:\/\/www.sociedadplateros.com\/tienda\/wp-json\/wp\/v2\/comments?post=2591"}],"wp:featuredmedia":[{"embeddable":true,"href":"https:\/\/www.sociedadplateros.com\/tienda\/wp-json\/wp\/v2\/media\/3575"}],"wp:attachment":[{"href":"https:\/\/www.sociedadplateros.com\/tienda\/wp-json\/wp\/v2\/media?parent=2591"}],"wp:term":[{"taxonomy":"product_brand","embeddable":true,"href":"https:\/\/www.sociedadplateros.com\/tienda\/wp-json\/wp\/v2\/product_brand?post=2591"},{"taxonomy":"product_cat","embeddable":true,"href":"https:\/\/www.sociedadplateros.com\/tienda\/wp-json\/wp\/v2\/product_cat?post=2591"},{"taxonomy":"product_tag","embeddable":true,"href":"https:\/\/www.sociedadplateros.com\/tienda\/wp-json\/wp\/v2\/product_tag?post=2591"}],"curies":[{"name":"wp","href":"https:\/\/api.w.org\/{rel}","templated":true}]}}