{"id":2375,"date":"2020-11-30T20:39:23","date_gmt":"2020-11-30T19:39:23","guid":{"rendered":"https:\/\/www.sociedadplateros.com\/tienda\/?post_type=product&#038;p=2375"},"modified":"2025-05-26T19:22:05","modified_gmt":"2025-05-26T17:22:05","slug":"palo-cortado-viejo-oro-ley-50-cl-20-anos","status":"publish","type":"product","link":"https:\/\/www.sociedadplateros.com\/tienda\/producto\/palo-cortado-viejo-oro-ley-50-cl-20-anos\/","title":{"rendered":"Palo Cortado Viejo Oro Ley 50 cl. 20 a\u00f1os"},"content":{"rendered":"<p style=\"text-align: center;\">Alcohol 17 % vol. Edad: 20 a\u00f1os. Crianza biol\u00f3gica<br \/>\ny oxidativa. Limpio y brillante. Atractivo<br \/>\ncolor \u00e1mbar y ribetes cobrizos. De movimiento<br \/>\nlento en copa.Nariz de intensidad alta<br \/>\ny limpia, destacando los frutos secos (avellanas<br \/>\ny almendras tostadas) y la madera vieja,<br \/>\nsin perder la complejidad de su fase como<br \/>\nfino, presente en aromas a levaduras y sensaci\u00f3n<br \/>\npunzante. En boca es seco, como debe ser<br \/>\nun palo cortado, de paso voluminoso, redondo,<br \/>\nestructurado y persistente. Por viaretronasal<br \/>\ndestacan los nobles aromas de la madera y<br \/>\nla complejidad oxidativa.<\/p>\n<!-- AddThis Advanced Settings generic via filter on the_content --><!-- AddThis Share Buttons generic via filter on the_content -->","protected":false},"excerpt":{"rendered":"<p>Alcohol 17 % vol. Edad: 20 a\u00f1os. Crianza biol\u00f3gica y oxidativa. Limpio y brillante. Atractivo color \u00e1mbar y ribetes cobrizos. De movimiento lento en copa.Nariz de intensidad alta y limpia, destacando los frutos secos (avellanas y almendras tostadas) y la madera vieja, sin perder la complejidad de su fase como fino, presente en aromas a [&hellip;]<!-- AddThis Advanced Settings generic via filter on wp_trim_excerpt --><!-- AddThis Share Buttons generic via filter on wp_trim_excerpt --><\/p>\n","protected":false},"featured_media":3499,"comment_status":"open","ping_status":"closed","template":"","meta":{"_et_pb_use_builder":"","_et_pb_old_content":"","_et_gb_content_width":""},"product_brand":[],"product_cat":[47],"product_tag":[],"class_list":{"0":"post-2375","1":"product","2":"type-product","3":"status-publish","4":"has-post-thumbnail","6":"product_cat-oloroso","8":"first","9":"instock","10":"taxable","11":"shipping-taxable","12":"purchasable","13":"product-type-simple"},"_links":{"self":[{"href":"https:\/\/www.sociedadplateros.com\/tienda\/wp-json\/wp\/v2\/product\/2375","targetHints":{"allow":["GET"]}}],"collection":[{"href":"https:\/\/www.sociedadplateros.com\/tienda\/wp-json\/wp\/v2\/product"}],"about":[{"href":"https:\/\/www.sociedadplateros.com\/tienda\/wp-json\/wp\/v2\/types\/product"}],"replies":[{"embeddable":true,"href":"https:\/\/www.sociedadplateros.com\/tienda\/wp-json\/wp\/v2\/comments?post=2375"}],"wp:featuredmedia":[{"embeddable":true,"href":"https:\/\/www.sociedadplateros.com\/tienda\/wp-json\/wp\/v2\/media\/3499"}],"wp:attachment":[{"href":"https:\/\/www.sociedadplateros.com\/tienda\/wp-json\/wp\/v2\/media?parent=2375"}],"wp:term":[{"taxonomy":"product_brand","embeddable":true,"href":"https:\/\/www.sociedadplateros.com\/tienda\/wp-json\/wp\/v2\/product_brand?post=2375"},{"taxonomy":"product_cat","embeddable":true,"href":"https:\/\/www.sociedadplateros.com\/tienda\/wp-json\/wp\/v2\/product_cat?post=2375"},{"taxonomy":"product_tag","embeddable":true,"href":"https:\/\/www.sociedadplateros.com\/tienda\/wp-json\/wp\/v2\/product_tag?post=2375"}],"curies":[{"name":"wp","href":"https:\/\/api.w.org\/{rel}","templated":true}]}}