{"id":2374,"date":"2020-11-30T20:48:06","date_gmt":"2020-11-30T19:48:06","guid":{"rendered":"https:\/\/www.sociedadplateros.com\/tienda\/?post_type=product&#038;p=2374"},"modified":"2024-11-05T15:09:06","modified_gmt":"2024-11-05T14:09:06","slug":"amontillado-viejo-oro-1868-50-cl-30-anos","status":"publish","type":"product","link":"https:\/\/www.sociedadplateros.com\/tienda\/producto\/amontillado-viejo-oro-1868-50-cl-30-anos\/","title":{"rendered":"Amontillado Viejo Oro 1868 50 cl. 30 a\u00f1os"},"content":{"rendered":"<p style=\"text-align: center;\">Alcohol 19 % vol. Edad: 30 a\u00f1os<br \/>\nCrianza biol\u00f3gica y oxidativa. De color ambarino<br \/>\ny ribetes cobrizos, l\u00edmpidos y brillantes.<br \/>\nAlta intensidad arom\u00e1tica destacando las notas<br \/>\nde frutos secos y tostados junto con la noble<br \/>\nmadera de roble americano y el recuerdo<br \/>\nvivo de la levadura y la sensaci\u00f3n punzante del<br \/>\nacetaldeh\u00eddo de su etapa biol\u00f3gica. En boca<br \/>\nes seco, vertical, con una personalidad salina<br \/>\nmuy caracter\u00edstica. De amargor elegante y elevada<br \/>\npersistencia arom\u00e1tica y gustativa.<\/p>\n<!-- AddThis Advanced Settings generic via filter on the_content --><!-- AddThis Share Buttons generic via filter on the_content -->","protected":false},"excerpt":{"rendered":"<p>Alcohol 19 % vol. Edad: 30 a\u00f1os Crianza biol\u00f3gica y oxidativa. De color ambarino y ribetes cobrizos, l\u00edmpidos y brillantes. Alta intensidad arom\u00e1tica destacando las notas de frutos secos y tostados junto con la noble madera de roble americano y el recuerdo vivo de la levadura y la sensaci\u00f3n punzante del acetaldeh\u00eddo de su etapa [&hellip;]<!-- AddThis Advanced Settings generic via filter on wp_trim_excerpt --><!-- AddThis Share Buttons generic via filter on wp_trim_excerpt --><\/p>\n","protected":false},"featured_media":3494,"comment_status":"open","ping_status":"closed","template":"","meta":{"_et_pb_use_builder":"","_et_pb_old_content":"","_et_gb_content_width":""},"product_brand":[],"product_cat":[47],"product_tag":[],"class_list":{"0":"post-2374","1":"product","2":"type-product","3":"status-publish","4":"has-post-thumbnail","6":"product_cat-oloroso","8":"first","9":"outofstock","10":"taxable","11":"shipping-taxable","12":"purchasable","13":"product-type-simple"},"_links":{"self":[{"href":"https:\/\/www.sociedadplateros.com\/tienda\/wp-json\/wp\/v2\/product\/2374","targetHints":{"allow":["GET"]}}],"collection":[{"href":"https:\/\/www.sociedadplateros.com\/tienda\/wp-json\/wp\/v2\/product"}],"about":[{"href":"https:\/\/www.sociedadplateros.com\/tienda\/wp-json\/wp\/v2\/types\/product"}],"replies":[{"embeddable":true,"href":"https:\/\/www.sociedadplateros.com\/tienda\/wp-json\/wp\/v2\/comments?post=2374"}],"wp:featuredmedia":[{"embeddable":true,"href":"https:\/\/www.sociedadplateros.com\/tienda\/wp-json\/wp\/v2\/media\/3494"}],"wp:attachment":[{"href":"https:\/\/www.sociedadplateros.com\/tienda\/wp-json\/wp\/v2\/media?parent=2374"}],"wp:term":[{"taxonomy":"product_brand","embeddable":true,"href":"https:\/\/www.sociedadplateros.com\/tienda\/wp-json\/wp\/v2\/product_brand?post=2374"},{"taxonomy":"product_cat","embeddable":true,"href":"https:\/\/www.sociedadplateros.com\/tienda\/wp-json\/wp\/v2\/product_cat?post=2374"},{"taxonomy":"product_tag","embeddable":true,"href":"https:\/\/www.sociedadplateros.com\/tienda\/wp-json\/wp\/v2\/product_tag?post=2374"}],"curies":[{"name":"wp","href":"https:\/\/api.w.org\/{rel}","templated":true}]}}