{"id":2373,"date":"2020-11-30T20:45:33","date_gmt":"2020-11-30T19:45:33","guid":{"rendered":"https:\/\/www.sociedadplateros.com\/tienda\/?post_type=product&#038;p=2373"},"modified":"2023-09-11T17:40:46","modified_gmt":"2023-09-11T15:40:46","slug":"oloroso-viejisimo-50-cl-25-anos","status":"publish","type":"product","link":"https:\/\/www.sociedadplateros.com\/tienda\/producto\/oloroso-viejisimo-50-cl-25-anos\/","title":{"rendered":"Oloroso Viej\u00edsimo 50 cl. 25 a\u00f1os"},"content":{"rendered":"<p style=\"text-align: center;\">Alcohol 16,5 % vol. Edad: 25 a\u00f1os. Crianza<br \/>\noxidativa. En fase visual es de color caoba y<br \/>\nribetes \u00e1mbar, limpios y brillantes. Lenta y<br \/>\nabundante lagrima. De intensidad media alta<br \/>\ndonde la oxidaci\u00f3n de la \u201cuva Pedro Xim\u00e9nez\u201c<br \/>\nse manifiesta en aromas a orejones y d\u00e1tiles,<br \/>\njunto con la madera vieja y eucalipto que caracteriza<br \/>\nlos viej\u00edsimos vinos oxidativos de la<br \/>\nbodega.<br \/>\nEs un vino seco y redondo en boca, muy amplio<br \/>\ny suave que envuelve el paladar. Gran persistencia<br \/>\ngustativa.<\/p>\n<!-- AddThis Advanced Settings generic via filter on the_content --><!-- AddThis Share Buttons generic via filter on the_content -->","protected":false},"excerpt":{"rendered":"<p>Alcohol 16,5 % vol. Edad: 25 a\u00f1os. Crianza oxidativa. En fase visual es de color caoba y ribetes \u00e1mbar, limpios y brillantes. Lenta y abundante lagrima. De intensidad media alta donde la oxidaci\u00f3n de la \u201cuva Pedro Xim\u00e9nez\u201c se manifiesta en aromas a orejones y d\u00e1tiles, junto con la madera vieja y eucalipto que caracteriza [&hellip;]<!-- AddThis Advanced Settings generic via filter on wp_trim_excerpt --><!-- AddThis Share Buttons generic via filter on wp_trim_excerpt --><\/p>\n","protected":false},"featured_media":3497,"comment_status":"open","ping_status":"closed","template":"","meta":{"_et_pb_use_builder":"","_et_pb_old_content":"","_et_gb_content_width":""},"product_brand":[],"product_cat":[47],"product_tag":[],"class_list":{"0":"post-2373","1":"product","2":"type-product","3":"status-publish","4":"has-post-thumbnail","6":"product_cat-oloroso","8":"first","9":"onbackorder","10":"taxable","11":"shipping-taxable","12":"purchasable","13":"product-type-simple"},"_links":{"self":[{"href":"https:\/\/www.sociedadplateros.com\/tienda\/wp-json\/wp\/v2\/product\/2373","targetHints":{"allow":["GET"]}}],"collection":[{"href":"https:\/\/www.sociedadplateros.com\/tienda\/wp-json\/wp\/v2\/product"}],"about":[{"href":"https:\/\/www.sociedadplateros.com\/tienda\/wp-json\/wp\/v2\/types\/product"}],"replies":[{"embeddable":true,"href":"https:\/\/www.sociedadplateros.com\/tienda\/wp-json\/wp\/v2\/comments?post=2373"}],"wp:featuredmedia":[{"embeddable":true,"href":"https:\/\/www.sociedadplateros.com\/tienda\/wp-json\/wp\/v2\/media\/3497"}],"wp:attachment":[{"href":"https:\/\/www.sociedadplateros.com\/tienda\/wp-json\/wp\/v2\/media?parent=2373"}],"wp:term":[{"taxonomy":"product_brand","embeddable":true,"href":"https:\/\/www.sociedadplateros.com\/tienda\/wp-json\/wp\/v2\/product_brand?post=2373"},{"taxonomy":"product_cat","embeddable":true,"href":"https:\/\/www.sociedadplateros.com\/tienda\/wp-json\/wp\/v2\/product_cat?post=2373"},{"taxonomy":"product_tag","embeddable":true,"href":"https:\/\/www.sociedadplateros.com\/tienda\/wp-json\/wp\/v2\/product_tag?post=2373"}],"curies":[{"name":"wp","href":"https:\/\/api.w.org\/{rel}","templated":true}]}}