{"id":2116,"date":"2020-10-21T23:39:17","date_gmt":"2020-10-21T21:39:17","guid":{"rendered":"https:\/\/www.sociedadplateros.com\/tienda\/?post_type=product&#038;p=2116"},"modified":"2025-03-20T22:41:31","modified_gmt":"2025-03-20T21:41:31","slug":"oferta-6-botellas-tinto-los-omeya-roble","status":"publish","type":"product","link":"https:\/\/www.sociedadplateros.com\/tienda\/producto\/oferta-6-botellas-tinto-los-omeya-roble\/","title":{"rendered":"6 botellas Tinto Los Omeya Roble (12 meses en barrica)"},"content":{"rendered":"<p>Color rojo picota, con ribetes granate, limpio y brillante, bien cubierto. En nariz destaca, fruta roja madura con matices torrefactos de crianza en roble durante seis meses. Estructurado, buen paso en boca, carnoso y con un final amplio, destacando matices a regaliz.<\/p>\n<!-- AddThis Advanced Settings generic via filter on the_content --><!-- AddThis Share Buttons generic via filter on the_content -->","protected":false},"excerpt":{"rendered":"<p>Vendimia seleccionada, de la variedad de uva Syrah, maceraci\u00f3n larga y fermentaci\u00f3n controlada a baja temperatura. Crianza oxidativa de 6 meses en barrica nueva de roble y 18 meses de crianza m\u00ednima en botella. Alcohol 13,5% vol.<!-- AddThis Advanced Settings generic via filter on wp_trim_excerpt --><!-- AddThis Share Buttons generic via filter on wp_trim_excerpt --><\/p>\n","protected":false},"featured_media":2641,"comment_status":"open","ping_status":"closed","template":"","meta":{"_et_pb_use_builder":"","_et_pb_old_content":"","_et_gb_content_width":""},"product_brand":[],"product_cat":[47,75,73],"product_tag":[62,68,55,67,59,65,66,56,58,57,64,63,60,70,71,74,54,61,69],"class_list":{"0":"post-2116","1":"product","2":"type-product","3":"status-publish","4":"has-post-thumbnail","6":"product_cat-oloroso","7":"product_cat-vino-tinto","8":"product_cat-vinos","9":"product_tag-amontillado","10":"product_tag-bodega-sociedad-plateros","11":"product_tag-bodegas","12":"product_tag-bodegas-montilla-moriles","13":"product_tag-catavinos","14":"product_tag-fino-peseta","15":"product_tag-fino-platino","16":"product_tag-montilla","17":"product_tag-montilla-moriles","18":"product_tag-moriles","19":"product_tag-oloroso","20":"product_tag-palo-cortado","21":"product_tag-venencias","22":"product_tag-venta-de-vinos","23":"product_tag-venta-vinos-on-line","24":"product_tag-vermouth","25":"product_tag-vinos","26":"product_tag-vinos-dulces","27":"product_tag-vinos-on-line","29":"first","30":"onbackorder","31":"sale","32":"shipping-taxable","33":"purchasable","34":"product-type-simple"},"_links":{"self":[{"href":"https:\/\/www.sociedadplateros.com\/tienda\/wp-json\/wp\/v2\/product\/2116","targetHints":{"allow":["GET"]}}],"collection":[{"href":"https:\/\/www.sociedadplateros.com\/tienda\/wp-json\/wp\/v2\/product"}],"about":[{"href":"https:\/\/www.sociedadplateros.com\/tienda\/wp-json\/wp\/v2\/types\/product"}],"replies":[{"embeddable":true,"href":"https:\/\/www.sociedadplateros.com\/tienda\/wp-json\/wp\/v2\/comments?post=2116"}],"wp:featuredmedia":[{"embeddable":true,"href":"https:\/\/www.sociedadplateros.com\/tienda\/wp-json\/wp\/v2\/media\/2641"}],"wp:attachment":[{"href":"https:\/\/www.sociedadplateros.com\/tienda\/wp-json\/wp\/v2\/media?parent=2116"}],"wp:term":[{"taxonomy":"product_brand","embeddable":true,"href":"https:\/\/www.sociedadplateros.com\/tienda\/wp-json\/wp\/v2\/product_brand?post=2116"},{"taxonomy":"product_cat","embeddable":true,"href":"https:\/\/www.sociedadplateros.com\/tienda\/wp-json\/wp\/v2\/product_cat?post=2116"},{"taxonomy":"product_tag","embeddable":true,"href":"https:\/\/www.sociedadplateros.com\/tienda\/wp-json\/wp\/v2\/product_tag?post=2116"}],"curies":[{"name":"wp","href":"https:\/\/api.w.org\/{rel}","templated":true}]}}