{"id":2084,"date":"2020-10-16T13:36:26","date_gmt":"2020-10-16T11:36:26","guid":{"rendered":"https:\/\/www.sociedadplateros.com\/tienda\/?post_type=product&#038;p=2084"},"modified":"2026-01-11T11:56:12","modified_gmt":"2026-01-11T10:56:12","slug":"vino-p-x-frasca-oro-dulce-pedro-ximenez-1l","status":"publish","type":"product","link":"https:\/\/www.sociedadplateros.com\/tienda\/producto\/vino-p-x-frasca-oro-dulce-pedro-ximenez-1l\/","title":{"rendered":"Vino P.X. FRASCA\u00bb ORO DULCE \u00bb Pedro Ximenez 1L."},"content":{"rendered":"<p>Alcohol 15 % vol. M\u00e1s de 24 meses en barrica. Crianza Oxidativa. L\u00edmpido y con un color caoba oscuro y ribetes cobrizo. Lento y marcado lagrimeo.En fase olfativa es de intensidad media alta, combinando aromas de toffee, torrefactos, ocultos en primera instancia por aromas algo m\u00e1s j\u00f3venes, como las pasas, d\u00e1tiles y miel. La sensaci\u00f3n de frescura bals\u00e1mica es muy apreciable tambi\u00e9n. Alcohol muy integrado.En boca es muy elegante, denso y sedoso. En retronasal, el tocino de cielo y az\u00facar tostada ganan en persistencia.<\/p>\n<p><strong>ELABORACI\u00d3N<\/strong> Una vez que los racimos son escogidos en perfecto estado sanitario, son llevados a las paseras, donde se tienden en capachetas para que el sol las pasifique durante varios d\u00edas, produciendo posteriormente un mosto rico en az\u00facar, que fermenta parcialmente, encabez\u00e1ndose posteriormente. A partir de ah\u00ed es la crianza oxidativa producida dentro de las botas de roble la que modifica las caracter\u00edsticas del vino. <strong>FICHA DE CATA<\/strong><\/p>\n<ul>\n<li>Vino limpio y brillante, de color rub\u00ed oscuro, con ribetes \u00e1mbar e incluso yodados que quedan en la copa tras agitar. Lagrima abundante y muy lenta por los az\u00facares.<\/li>\n<li>Limpio e intenso aroma a pasas, miel y caf\u00e9. Torrefactos y madera.<\/li>\n<li>Dulce y carnoso en boca. Retronasal a pasas, caramelo tofee, azucar tostada.<\/li>\n<\/ul>\n<p>Alcohol 15 % vol. M\u00e1s de 24 meses en barrica. Crianza Oxidativa. L\u00edmpido y con un color caoba oscuro y ribetes cobrizo. Lento y marcado lagrimeo.En fase olfativa es de intensidad media alta, combinando aromas de toffee, torrefactos, ocultos en primera instancia por aromas algo m\u00e1s j\u00f3venes, como las pasas, d\u00e1tiles y miel. La sensaci\u00f3n de frescura bals\u00e1mica es muy apreciable tambi\u00e9n. Alcohol muy integrado. En boca es muy elegante, denso y sedoso. En retronasal, el tocino de cielo y az\u00facar tostada ganan en persistencia.<\/p>\n<p><strong>GASTRONOM\u00cdA<\/strong> Ideal para acompa\u00f1ar postres y sobremesa.<\/p>\n<!-- AddThis Advanced Settings generic via filter on the_content --><!-- AddThis Share Buttons generic via filter on the_content -->","protected":false},"excerpt":{"rendered":"<p>Vino limpio y brillante, de color rub\u00ed oscuro, con ribetes \u00e1mbar e incluso yodados que quedan en la copa tras agitar. Lagrima abundante y muy lenta por los az\u00facares.<br \/>\nLimpio e intenso aroma a pasas, miel y caf\u00e9. Torrefactos y madera.<br \/>\nDulce y carnoso en boca. Retronasal a pasas, caramelo tofee, azucar tostada.<!-- AddThis Advanced Settings generic via filter on wp_trim_excerpt --><!-- AddThis Share Buttons generic via filter on wp_trim_excerpt --><\/p>\n","protected":false},"featured_media":3463,"comment_status":"open","ping_status":"closed","template":"","meta":{"_et_pb_use_builder":"off","_et_pb_old_content":"Alcohol 15 % vol. M\u00e1s de 24 meses en barrica. Crianza Oxidativa. L\u00edmpido y con un color caoba oscuro y ribetes cobrizo. Lento y marcado lagrimeo.En fase olfativa es de intensidad media alta, combinando aromas de toffee, torrefactos, ocultos en primera instancia por aromas algo m\u00e1s j\u00f3venes, como las pasas, d\u00e1tiles y miel. La sensaci\u00f3n de frescura bals\u00e1mica es muy apreciable tambi\u00e9n. Alcohol muy integrado.En boca es muy elegante, denso y sedoso. En retronasal, el tocino de cielo y az\u00facar tostada ganan en persistencia.\r\n\r\n<strong>ELABORACI\u00d3N<\/strong> Una vez que los racimos son escogidos en perfecto estado sanitario, son llevados a las paseras, donde se tienden en capachetas para que el sol las pasifique durante varios d\u00edas, produciendo posteriormente un mosto rico en az\u00facar, que fermenta parcialmente, encabez\u00e1ndose posteriormente. A partir de ah\u00ed es la crianza oxidativa producida dentro de las botas de roble la que modifica las caracter\u00edsticas del vino. <strong>FICHA DE CATA<\/strong>\r\n<ul>\r\n \t<li>Vino limpio y brillante, de color rub\u00ed oscuro, con ribetes \u00e1mbar e incluso yodados que quedan en la copa tras agitar. Lagrima abundante y muy lenta por los az\u00facares.<\/li>\r\n \t<li>Limpio e intenso aroma a pasas, miel y caf\u00e9. Torrefactos y madera.<\/li>\r\n \t<li>Dulce y carnoso en boca. Retronasal a pasas, caramelo tofee, azucar tostada.<\/li>\r\n<\/ul>\r\nAlcohol 15 % vol. M\u00e1s de 24 meses en barrica. Crianza Oxidativa. L\u00edmpido y con un color caoba oscuro y ribetes cobrizo. Lento y marcado lagrimeo.En fase olfativa es de intensidad media alta, combinando aromas de toffee, torrefactos, ocultos en primera instancia por aromas algo m\u00e1s j\u00f3venes, como las pasas, d\u00e1tiles y miel. La sensaci\u00f3n de frescura bals\u00e1mica es muy apreciable tambi\u00e9n. Alcohol muy integrado. En boca es muy elegante, denso y sedoso. En retronasal, el tocino de cielo y az\u00facar tostada ganan en persistencia.\r\n\r\n<strong>GASTRONOM\u00cdA<\/strong> Ideal para acompa\u00f1ar postres y sobremesa.","_et_gb_content_width":""},"product_brand":[],"product_cat":[50,73],"product_tag":[62,68,55,67,59,65,66,56,58,57,64,63,60,70,71,54,61,69],"class_list":{"0":"post-2084","1":"product","2":"type-product","3":"status-publish","4":"has-post-thumbnail","6":"product_cat-vino-dulce","7":"product_cat-vinos","8":"product_tag-amontillado","9":"product_tag-bodega-sociedad-plateros","10":"product_tag-bodegas","11":"product_tag-bodegas-montilla-moriles","12":"product_tag-catavinos","13":"product_tag-fino-peseta","14":"product_tag-fino-platino","15":"product_tag-montilla","16":"product_tag-montilla-moriles","17":"product_tag-moriles","18":"product_tag-oloroso","19":"product_tag-palo-cortado","20":"product_tag-venencias","21":"product_tag-venta-de-vinos","22":"product_tag-venta-vinos-on-line","23":"product_tag-vinos","24":"product_tag-vinos-dulces","25":"product_tag-vinos-on-line","27":"first","28":"instock","29":"shipping-taxable","30":"purchasable","31":"product-type-simple"},"_links":{"self":[{"href":"https:\/\/www.sociedadplateros.com\/tienda\/wp-json\/wp\/v2\/product\/2084","targetHints":{"allow":["GET"]}}],"collection":[{"href":"https:\/\/www.sociedadplateros.com\/tienda\/wp-json\/wp\/v2\/product"}],"about":[{"href":"https:\/\/www.sociedadplateros.com\/tienda\/wp-json\/wp\/v2\/types\/product"}],"replies":[{"embeddable":true,"href":"https:\/\/www.sociedadplateros.com\/tienda\/wp-json\/wp\/v2\/comments?post=2084"}],"wp:featuredmedia":[{"embeddable":true,"href":"https:\/\/www.sociedadplateros.com\/tienda\/wp-json\/wp\/v2\/media\/3463"}],"wp:attachment":[{"href":"https:\/\/www.sociedadplateros.com\/tienda\/wp-json\/wp\/v2\/media?parent=2084"}],"wp:term":[{"taxonomy":"product_brand","embeddable":true,"href":"https:\/\/www.sociedadplateros.com\/tienda\/wp-json\/wp\/v2\/product_brand?post=2084"},{"taxonomy":"product_cat","embeddable":true,"href":"https:\/\/www.sociedadplateros.com\/tienda\/wp-json\/wp\/v2\/product_cat?post=2084"},{"taxonomy":"product_tag","embeddable":true,"href":"https:\/\/www.sociedadplateros.com\/tienda\/wp-json\/wp\/v2\/product_tag?post=2084"}],"curies":[{"name":"wp","href":"https:\/\/api.w.org\/{rel}","templated":true}]}}