{"id":1178,"date":"2020-04-30T18:02:59","date_gmt":"2020-04-30T17:02:59","guid":{"rendered":"https:\/\/www.sociedadplateros.com\/tienda\/?post_type=product&#038;p=1178"},"modified":"2024-08-06T19:14:39","modified_gmt":"2024-08-06T17:14:39","slug":"vino-fino-peseta-75-cl","status":"publish","type":"product","link":"https:\/\/www.sociedadplateros.com\/tienda\/producto\/vino-fino-peseta-75-cl\/","title":{"rendered":"Vino Fino \u00bb PESETA \u00bb botella 75 cl"},"content":{"rendered":"<p>En la Cata<\/p>\n<ul>\n<li>L\u00edmpido, brillante, de color amarillo pajizo con toques verdosos. Abundante l\u00e1grima con velocidad media de descenso, debido a que no es excesivamente viejo.<\/li>\n<li>En nariz, intensidad media alta, donde aparecen los toques de almendra, manzana madura, maderas viejas, levaduras (recuerda a cerveza),\u2026<\/li>\n<li>En boca, es fresco su paso por boca por la moderada acidez que aun persiste, toques salinos y leve amargor. Mantiene niveles de glicerina que hace que sea suave en el paladar. Es persistente y arom\u00e1tico por retronasal.<\/li>\n<\/ul>\n<!-- AddThis Advanced Settings generic via filter on the_content --><!-- AddThis Share Buttons generic via filter on the_content -->","protected":false},"excerpt":{"rendered":"<p>Vino fino Peseta de la Bodega Sociedad Plateros<\/p>\n<p>Elaborado con mosto flor de la variedad Pedro Ximenez, que alcanza tras la fermentaci\u00f3n 15 %vol. de alcohol natural, necesario para una buena selecci\u00f3n de levaduras, quienes ser\u00e1n las responsables de una correcta crianza biol\u00f3gica en el interior de las botas, a trav\u00e9s del sistema de criaderas y soleras.<!-- AddThis Advanced Settings generic via filter on wp_trim_excerpt --><!-- AddThis Share Buttons generic via filter on wp_trim_excerpt --><\/p>\n","protected":false},"featured_media":1288,"comment_status":"open","ping_status":"closed","template":"","meta":{"_et_pb_use_builder":"off","_et_pb_old_content":"En la Cata\r\n<ul>\r\n \t<li>L\u00edmpido, brillante, de color amarillo pajizo con toques verdosos. Abundante l\u00e1grima con velocidad media de descenso, debido a que no es excesivamente viejo.<\/li>\r\n \t<li>En nariz, intensidad media alta, donde aparecen los toques de almendra, manzana madura, maderas viejas, levaduras (recuerda a cerveza),\u2026<\/li>\r\n \t<li>En boca, es fresco su paso por boca por la moderada acidez que aun persiste, toques salinos y leve amargor. Mantiene niveles de glicerina que hace que sea suave en el paladar. Es persistente y arom\u00e1tico por retronasal.<\/li>\r\n<\/ul>","_et_gb_content_width":""},"product_brand":[],"product_cat":[73,44],"product_tag":[62,68,55,67,59,65,66,56,58,57,64,63,60,70,71,74,54,61,69],"class_list":{"0":"post-1178","1":"product","2":"type-product","3":"status-publish","4":"has-post-thumbnail","6":"product_cat-vinos","7":"product_cat-vinos-finos","8":"product_tag-amontillado","9":"product_tag-bodega-sociedad-plateros","10":"product_tag-bodegas","11":"product_tag-bodegas-montilla-moriles","12":"product_tag-catavinos","13":"product_tag-fino-peseta","14":"product_tag-fino-platino","15":"product_tag-montilla","16":"product_tag-montilla-moriles","17":"product_tag-moriles","18":"product_tag-oloroso","19":"product_tag-palo-cortado","20":"product_tag-venencias","21":"product_tag-venta-de-vinos","22":"product_tag-venta-vinos-on-line","23":"product_tag-vermouth","24":"product_tag-vinos","25":"product_tag-vinos-dulces","26":"product_tag-vinos-on-line","28":"first","29":"instock","30":"taxable","31":"shipping-taxable","32":"purchasable","33":"product-type-simple"},"_links":{"self":[{"href":"https:\/\/www.sociedadplateros.com\/tienda\/wp-json\/wp\/v2\/product\/1178","targetHints":{"allow":["GET"]}}],"collection":[{"href":"https:\/\/www.sociedadplateros.com\/tienda\/wp-json\/wp\/v2\/product"}],"about":[{"href":"https:\/\/www.sociedadplateros.com\/tienda\/wp-json\/wp\/v2\/types\/product"}],"replies":[{"embeddable":true,"href":"https:\/\/www.sociedadplateros.com\/tienda\/wp-json\/wp\/v2\/comments?post=1178"}],"wp:featuredmedia":[{"embeddable":true,"href":"https:\/\/www.sociedadplateros.com\/tienda\/wp-json\/wp\/v2\/media\/1288"}],"wp:attachment":[{"href":"https:\/\/www.sociedadplateros.com\/tienda\/wp-json\/wp\/v2\/media?parent=1178"}],"wp:term":[{"taxonomy":"product_brand","embeddable":true,"href":"https:\/\/www.sociedadplateros.com\/tienda\/wp-json\/wp\/v2\/product_brand?post=1178"},{"taxonomy":"product_cat","embeddable":true,"href":"https:\/\/www.sociedadplateros.com\/tienda\/wp-json\/wp\/v2\/product_cat?post=1178"},{"taxonomy":"product_tag","embeddable":true,"href":"https:\/\/www.sociedadplateros.com\/tienda\/wp-json\/wp\/v2\/product_tag?post=1178"}],"curies":[{"name":"wp","href":"https:\/\/api.w.org\/{rel}","templated":true}]}}