{"id":579,"date":"2019-10-30T09:37:07","date_gmt":"2019-10-30T09:37:07","guid":{"rendered":"https:\/\/skinbiocare.com\/?page_id=579"},"modified":"2020-04-29T09:06:07","modified_gmt":"2020-04-29T08:06:07","slug":"aviso-legal","status":"publish","type":"page","link":"https:\/\/www.sociedadplateros.com\/tienda\/aviso-legal\/","title":{"rendered":"Aviso Legal"},"content":{"rendered":"<h1>AVISO LEGAL<\/h1>\n<p>Las presentes condiciones y aviso legal, tienen por objeto regular el acceso y el r\u00e9gimen de adquisici\u00f3n de los productos facilitados por la empresa \u201cManuel Bordallo Romero (Bodegas Sociedad Plateros M\u00aa Auxiliadora)\u201d al Usuario a trav\u00e9s de su p\u00e1gina Web, constituyendo el marco jur\u00eddico que desarrolla la relaci\u00f3n contractual. Los productos y contenidos, ser\u00e1n los que se encuentren a disposici\u00f3n del Usuario en la siguiente p\u00e1gina Web:\u00a0<a href=\"https:\/\/www.sociedadplateros.com\/tienda\/\">https:\/\/www.sociedadplateros.com\/tienda\/<\/a><\/p>\n<p>Este portal web pertenece al proyecto impulsado por el Instituto Provincial de Desarrollo Econ\u00f3mico de C\u00f3rdoba \u201cDinamizaci\u00f3n del tejido productivo y mercado minorista mediante nuevos canales en la Provincia de C\u00f3rdoba\u201d.<\/p>\n<p>En esta tienda virtual se comercializar\u00e1n productos y servicios de la empresa \u201cManuel Bordallo Romero (Bodegas Sociedad Plateros M\u00aa Auxiliadora), que la gestiona en una relaci\u00f3n directa entre consumidor y empresa quedando excluido el Instituto Provincial de Desarrollo Econ\u00f3mico de C\u00f3rdoba de dicha relaci\u00f3n y en consecuencia liberado de las responsabilidades comerciales y jur\u00eddicas que la misma conlleva.<\/p>\n<h3><strong>Titularidad<\/strong><\/h3>\n<p>La empresa \u201cManuel Bordallo Romero (Bodegas Sociedad Plateros M\u00aa Auxiliadora)\u201d, con \u00a0CIF: 30489697-T, y domicilio en C\/ Mar\u00eda Auxiliadora, 27, 2\u00baC. 14002, C\u00f3rdoba, a trav\u00e9s de la web <a href=\"https:\/\/www.sociedadplateros.com\/tienda\/\">https:\/\/www.sociedadplateros.com\/tienda\/<\/a> , proporciona informaci\u00f3n sobre sus productos, servicios y ofertas.<\/p>\n<p>Puede ponerse en contacto con la empresa enviando un e-mail a la direcci\u00f3n de correo electr\u00f3nico <a href=\"mailto:pedidos@sociedadplateros.com\">pedidos@sociedadplateros.com<\/a>.<\/p>\n<h3><strong>Aceptaci\u00f3n y disponibilidad<\/strong><\/h3>\n<p>Las presentes Condiciones, regulan la relaci\u00f3n jur\u00eddica derivada de los procesos de contrataci\u00f3n formalizados por los Usuarios a trav\u00e9s de la p\u00e1gina Web <a href=\"https:\/\/www.sociedadplateros.com\/tienda\/\">https:\/\/www.sociedadplateros.com\/tienda\/\u00a0<\/a> . Los Usuarios aceptan expresamente la adhesi\u00f3n plena y sin reservas a las presentes estipulaciones, en la versi\u00f3n publicada en <a href=\"https:\/\/www.sociedadplateros.com\/tienda\/\">https:\/\/www.sociedadplateros.com\/tienda\/<\/a> en el momento en que el Usuario contrate el producto, servicio y\/o contenidos en el que est\u00e1 interesado. Por tanto el Usuario se compromete a leer atentamente las condiciones de contrataci\u00f3n, cada vez que proceda a la contrataci\u00f3n de alg\u00fan producto y\/o servicios, dado que las mismas han podido ser objeto de modificaci\u00f3n desde la \u00faltima vez que accedi\u00f3.<\/p>\n<p>Mediante la aceptaci\u00f3n de las presentes Condiciones Generales de contrataci\u00f3n el Usuario declara:<\/p>\n<p>a. Que es una persona con capacidad para contratar.<\/p>\n<p>b. Que ha le\u00eddo y acepta las presentes condiciones generales de contrataci\u00f3n.<\/p>\n<p>El Usuario tendr\u00e1 acceso siempre y en todo caso, con car\u00e1cter previo al inicio del procedimiento de contrataci\u00f3n de productos y\/o servicios, a las condiciones de contrataci\u00f3n.<\/p>\n<h3><strong>Modificaci\u00f3n de las condiciones de contrataci\u00f3n<\/strong><\/h3>\n<p>\u201cManuel Bordallo Romero (Bodegas Sociedad Plateros M\u00aa Auxiliadora)\u201d, podr\u00e1 modificar las presentes estipulaciones siempre que exista causa o motivo suficiente para ello. Se entiende que existe causa o motivo suficiente para la modificaci\u00f3n, con car\u00e1cter enunciativo y no limitativo, cuando \u00e9sta tenga por finalidad:<\/p>\n<p>a. Ampliar la gama o n\u00famero de productos que se ponen a disposici\u00f3n de los Usuarios o mejorar los existentes.<\/p>\n<p>b. Modificar, sustituir o actualizar los precios de los productos que se ofrecen a trav\u00e9s de la p\u00e1gina Web.<\/p>\n<h3><strong>Precios e Impuestos aplicados<\/strong><\/h3>\n<p>Los precios aplicables son los que figuran en la Web en el momento en que el cliente realiza su pedido.<\/p>\n<p>El precio de los productos que aparecen en la Web, incluye el Impuesto de Valor A\u00f1adido (IVA) correspondiente seg\u00fan el producto.<\/p>\n<h3><strong>Formas de pago<\/strong><\/h3>\n<p>Los precios y tarifas aplicables a la contrataci\u00f3n por parte del usuario de los servicios, ser\u00e1n los que figuren en las tiendas virtuales de las empresas adheridas al portal <a href=\"https:\/\/www.sociedadplateros.com\/tienda\/\">https:\/\/www.sociedadplateros.com\/tienda\/<\/a>, en el momento en el que el usuario acceda al servicio espec\u00edfico, y proceda a iniciar el proceso de contrataci\u00f3n.<\/p>\n<p>Las empresas adheridas se reservan el derecho a modificar los precios de sus productos y servicios publicados en la p\u00e1gina Web mencionada anteriormente, cuando as\u00ed lo consideren conveniente y haci\u00e9ndolo visible en la p\u00e1gina Web.<\/p>\n<p>Las empresas adheridas se reservan el derecho a admitir las formas de pago que consideren siempre y cuando no sean otras formas de pago de las aqu\u00ed referidas:<\/p>\n<p>a) Tarjetas<\/p>\n<p>b) Transferencia bancaria<\/p>\n<p>c) Pay Pal<\/p>\n<p>d) Contra reembolso<\/p>\n<h3><strong>Forma de env\u00edo<\/strong><\/h3>\n<p>a) Zona de entrega<\/p>\n<p>Los proveedores de log\u00edstica y mensajer\u00eda realizar\u00e1n la entrega mediante un servicio de mensajer\u00eda en el plazo indicado por la empresa en el momento de la realizaci\u00f3n del pedido, a partir de la confirmaci\u00f3n del mismo. La mercanc\u00eda ser\u00e1 entregada en la direcci\u00f3n indicada por el cliente.<\/p>\n<p>b) Gastos de env\u00edo<\/p>\n<p>Se aplicar\u00e1 un recargo en cada pedido en concepto de contribuci\u00f3n a los gastos de env\u00edo y entrega.<\/p>\n<h3><strong>Condiciones de venta<\/strong><\/h3>\n<p>Los precios y textos publicados en la p\u00e1gina <a href=\"https:\/\/www.sociedadplateros.com\/tienda\/\">https:\/\/www.sociedadplateros.com\/tienda\/<\/a> est\u00e1n sujetos a variaciones sin previo aviso, inclusive especificaciones t\u00e9cnicas. Es obligaci\u00f3n del cliente comprobar la mercanc\u00eda que se le entrega.<\/p>\n<p>En caso de cambios por defecto de un producto, la empresa lo cambiar\u00e1 por otro en perfectas condiciones \u00f3 reembolsar\u00e1 el importe.<\/p>\n<p>La empresa del producto asumir\u00e1 el gasto de env\u00edo del nuevo producto.<\/p>\n<p>El riesgo de p\u00e9rdida o da\u00f1os en la mercanc\u00eda se transmite al cliente desde el momento en que se produce la entrega en la direcci\u00f3n facilitada por el cliente.<\/p>\n<p>\u201cManuel Bordallo Romero (Bodegas Sociedad Plateros M\u00aa Auxiliadora)\u201d, no se hace responsable bajo ning\u00fan concepto de los da\u00f1os ocasionados por el mal uso de las mercanc\u00edas.<\/p>\n<p>El Usuario ser\u00e1 guiado en el tr\u00e1mite que debe seguirse para la celebraci\u00f3n del contrato, as\u00ed como para la identificaci\u00f3n y correcci\u00f3n de los datos que haya facilitado para la celebraci\u00f3n del contrato a trav\u00e9s de los formularios creados al efecto.<\/p>\n<p>El contrato se formaliza en el idioma castellano, de acuerdo con las presentes Condiciones. El Usuario acepta las presentes Condiciones Generales de Venta, que permanecer\u00e1n accesibles desde la p\u00e1gina Web.<\/p>\n<p>Las ofertas tendr\u00e1n la vigencia que se especifique en cada caso en la p\u00e1gina Web. En caso de que se agotasen las existencias antes de la fecha de finalizaci\u00f3n de la oferta, se podr\u00e1 suministrar, de com\u00fan acuerdo con el Usuario, un producto de calidad y precio equivalentes.<\/p>\n<p>El Usuario podr\u00e1 consultar las caracter\u00edsticas esenciales de cada producto a trav\u00e9s de su descripci\u00f3n en la p\u00e1gina Web o contactando con la empresa a trav\u00e9s de los datos de contacto facilitados en el pie de p\u00e1gina de su tienda virtual.<\/p>\n<h3><strong>Protecci\u00f3n de datos personales<\/strong><\/h3>\n<p>El acceso de los Usuarios al portal y la compra de los productos y servicios ofrecidos por las empresas adheridas al mismo, implica el tratamiento de datos de car\u00e1cter personal. Para el Instituto Provincial de Desarrollo Econ\u00f3mico de C\u00f3rdoba, titular del portal <a href=\"https:\/\/www.sociedadplateros.com\/tienda\/\">https:\/\/www.sociedadplateros.com\/tienda\/<\/a>\u00a0reviste una gran importancia el cumplimiento de la normativa sobre protecci\u00f3n de datos de car\u00e1cter personal y sobre servicios de la sociedad de la informaci\u00f3n y comercio electr\u00f3nico.<\/p>\n<p>Generalmente, las personas que hagan uso de la p\u00e1gina web lo hacen sin necesidad de facilitar ning\u00fan dato de car\u00e1cter personal. No obstante, para acceder a los servicios, los Usuarios, en ciertos casos deber\u00e1n facilitar ciertos datos de car\u00e1cter personal. El Instituto Provincial de Desarrollo Econ\u00f3mico de C\u00f3rdoba, garantiza la confidencialidad de los datos de car\u00e1cter personal facilitados por los Usuarios, seg\u00fan lo establecido en la normativa sobre Protecci\u00f3n de Datos de Car\u00e1cter Personal, y sobre Servicios de la Sociedad de la Informaci\u00f3n y de Comercio Electr\u00f3nico.<\/p>\n<p>El Instituto Provincial de Desarrollo Econ\u00f3mico de C\u00f3rdoba cumple la legislaci\u00f3n vigente en materia de protecci\u00f3n de datos, habiendo adoptado los procedimientos administrativos y t\u00e9cnicos necesarios para garantizar la seguridad de los datos personales que recopilamos.<\/p>\n<p>En este sentido, el Usuario queda informado y presta su consentimiento para la incorporaci\u00f3n de sus datos a los ficheros automatizados titularidad del Instituto Provincial de Desarrollo Econ\u00f3mico de C\u00f3rdoba, domiciliado en Avda. Mediterr\u00e1neo, s\/n, Primer Colegio Provincial (14011), C\u00f3rdoba, debidamente inscritos ante el Registro General de Protecci\u00f3n de Datos de Car\u00e1cter Personal, y para el tratamiento automatizado de sus datos, consecuencia de la consulta, solicitud o contrataci\u00f3n de cualquier servicio, o de cualquier transacci\u00f3n u operaci\u00f3n realizada, al objeto de acceder a la informaci\u00f3n y a los servicios facilitados por el Instituto Provincial de Desarrollo Econ\u00f3mico de C\u00f3rdoba a trav\u00e9s del portal, y en su caso para el mantenimiento de la relaci\u00f3n contractual con las empresas adheridas al mismo, as\u00ed como para el env\u00edo de ofertas o comunicaciones publicitarias y promocionales.<\/p>\n<p>El Usuario manifiesta que todos los datos facilitados por \u00e9l son ciertos y correctos, y se compromete a comunicar al Instituto Provincial de Desarrollo Econ\u00f3mico de C\u00f3rdoba los cambios que se produzcan en los mismos. El Usuario tiene derecho a oponerse al tratamiento de cualquiera de sus datos que no sean imprescindibles para la celebraci\u00f3n del contrato y a su utilizaci\u00f3n para cualquier finalidad distinta del mantenimiento de sus relaciones contractuales con las empresas adheridas al portal.<\/p>\n<p>Si el Usuario es menor de edad y no cuenta con el previo consentimiento de sus padres o tutores legales para incluir sus datos personales en los formularios, el Instituto Provincial de Desarrollo Econ\u00f3mico de C\u00f3rdoba se exime de cualquier responsabilidad por no cumplir este requisito. De igual forma, s\u00f3lo podr\u00e1n realizar pedidos cuyo contenido incluya bebidas alcoh\u00f3licas aqu\u00e9llos que sean mayores de dieciocho (18) a\u00f1os.<\/p>\n<p>La pol\u00edtica de privacidad de <a href=\"https:\/\/www.sociedadplateros.com\/tienda\/\">https:\/\/www.sociedadplateros.com\/tienda\/<\/a>.es garantiza al Usuario en todo caso la posibilidad de ejercitar su derecho de acceso, rectificaci\u00f3n, cancelaci\u00f3n y oposici\u00f3n de sus datos, notific\u00e1ndolo al Instituto Provincial de Desarrollo Econ\u00f3mico de C\u00f3rdoba, enviando un e-mail a la direcci\u00f3n de correo electr\u00f3nico <a href=\"mailto:pedidos@sociedadplateros.com\">pedidos@sociedadplateros.com<\/a> con copia de su DNI.<\/p>\n<p>Asimismo, y en cumplimiento de la Ley 34\/2002 de Servicios de la Sociedad de la Informaci\u00f3n y Comercio Electr\u00f3nico, el Instituto Provincial de Desarrollo Econ\u00f3mico de C\u00f3rdoba exclusivamente enviar\u00e1 ofertas o comunicaciones publicitarias y promocionales por v\u00eda electr\u00f3nica a su direcci\u00f3n de correo electr\u00f3nico o a trav\u00e9s de otro medio de comunicaci\u00f3n electr\u00f3nica equivalente, a aquellos Usuarios que hayan otorgado expresamente su consentimiento.<\/p>\n<p>El Instituto Provincial de Desarrollo Econ\u00f3mico de C\u00f3rdoba informa al Usuario que podr\u00e1 darse de baja de este tipo de comunicaciones, siguiendo las instrucciones que aparecen al final de todos nuestro correos electr\u00f3nicos o comunic\u00e1ndolo por escrito a la direcci\u00f3n de correo electr\u00f3nico <a href=\"mailto:pedidos@sociedadplateros.com\">pedidos@sociedadplateros.com<\/a><\/p>\n<h3><strong>Derechos y obligaciones de las partes<\/strong><\/h3>\n<p>a. Obligaciones de las empresas adheridas:<\/p>\n<p>Los empresas adheridas a la Plataforma de Comercio Electr\u00f3nico <a href=\"https:\/\/www.sociedadplateros.com\/tienda\/\">https:\/\/www.sociedadplateros.com\/tienda\/<\/a>., se comprometen a cumplir con las siguientes obligaciones contractuales derivadas de la relaci\u00f3n comercial con el Usuario consecuencia de la contrataci\u00f3n los servicios por parte del mismo:<\/p>\n<p>Prestar con las m\u00e1ximas garant\u00edas al Usuario, el servicio solicitado por \u00e9ste conforme a lo dispuesto en las condiciones de contrataci\u00f3n, sin faltar a la buena fe contractual.<\/p>\n<p>Informar expresamente al Usuario de la existencia de las presentes condiciones con car\u00e1cter previo al inicio del procedimiento de contrataci\u00f3n.<\/p>\n<p>Informar al Usuario con car\u00e1cter previo a la contrataci\u00f3n y de manera concreta, clara, precisa e inequ\u00edvoca, de las caracter\u00edsticas espec\u00edficas de los servicios solicitados, tales como el precio de los mismos y los impuestos que le sean de aplicaci\u00f3n.<\/p>\n<p>Poner a disposici\u00f3n del Usuario un ejemplar del texto de las condiciones generales.<\/p>\n<p>b. Obligaciones del Usuario<\/p>\n<p>Por su parte, el Usuario se compromete a:<\/p>\n<p>Llevar a cabo el \u00edntegro cumplimiento de lo establecido en las presentes condiciones de los servicios facilitados por las empresas adheridas a la Plataforma de Comercio Electr\u00f3nico <a href=\"https:\/\/www.sociedadplateros.com\/tienda\/\">https:\/\/www.sociedadplateros.com\/tienda\/\u00a0<\/a>.<\/p>\n<p>Completar los formularios de registro previos al inicio del procedimiento de contrataci\u00f3n con informaci\u00f3n veraz y actual.<\/p>\n<p>Facilitar, de forma correcta, los datos bancarios solicitados por las empresas adheridas al portal para la correcta compra de sus productos y servicios.<\/p>\n<p>Pagar el precio de los productos y servicios adquiridos, sin que la presentaci\u00f3n de una reclamaci\u00f3n le exima de esta obligaci\u00f3n.<\/p>\n<p>c. Derechos del usuario:<\/p>\n<p>Toda la informaci\u00f3n proporcionada al cliente tendr\u00e1 el car\u00e1cter de vinculante para el oferente en los t\u00e9rminos establecidos por la legislaci\u00f3n vigente.<\/p>\n<p>Todo usuario tiene derecho a que los bienes que adquiera sean de la categor\u00eda y requerimientos legales contratados o de aquella calidad que guarde proporci\u00f3n directa con la categor\u00eda del establecimiento.<\/p>\n<!-- AddThis Advanced Settings generic via filter on the_content --><!-- AddThis Share Buttons generic via filter on the_content -->","protected":false},"excerpt":{"rendered":"<p>AVISO LEGAL Las presentes condiciones y aviso legal, tienen por objeto regular el acceso y el r\u00e9gimen de adquisici\u00f3n de los productos facilitados por la empresa \u201cManuel Bordallo Romero (Bodegas Sociedad Plateros M\u00aa Auxiliadora)\u201d al Usuario a trav\u00e9s de su p\u00e1gina Web, constituyendo el marco jur\u00eddico que desarrolla la relaci\u00f3n contractual. Los productos y contenidos, [&hellip;]<!-- AddThis Advanced Settings generic via filter on wp_trim_excerpt --><!-- AddThis Share Buttons generic via filter on wp_trim_excerpt --><\/p>\n","protected":false},"author":1,"featured_media":0,"parent":0,"menu_order":0,"comment_status":"closed","ping_status":"closed","template":"","meta":{"_et_pb_use_builder":"off","_et_pb_old_content":"","_et_gb_content_width":"","footnotes":""},"class_list":["post-579","page","type-page","status-publish","hentry"],"_links":{"self":[{"href":"https:\/\/www.sociedadplateros.com\/tienda\/wp-json\/wp\/v2\/pages\/579","targetHints":{"allow":["GET"]}}],"collection":[{"href":"https:\/\/www.sociedadplateros.com\/tienda\/wp-json\/wp\/v2\/pages"}],"about":[{"href":"https:\/\/www.sociedadplateros.com\/tienda\/wp-json\/wp\/v2\/types\/page"}],"author":[{"embeddable":true,"href":"https:\/\/www.sociedadplateros.com\/tienda\/wp-json\/wp\/v2\/users\/1"}],"replies":[{"embeddable":true,"href":"https:\/\/www.sociedadplateros.com\/tienda\/wp-json\/wp\/v2\/comments?post=579"}],"version-history":[{"count":5,"href":"https:\/\/www.sociedadplateros.com\/tienda\/wp-json\/wp\/v2\/pages\/579\/revisions"}],"predecessor-version":[{"id":1124,"href":"https:\/\/www.sociedadplateros.com\/tienda\/wp-json\/wp\/v2\/pages\/579\/revisions\/1124"}],"wp:attachment":[{"href":"https:\/\/www.sociedadplateros.com\/tienda\/wp-json\/wp\/v2\/media?parent=579"}],"curies":[{"name":"wp","href":"https:\/\/api.w.org\/{rel}","templated":true}]}}